{"id":4903,"date":"2021-12-15T19:20:12","date_gmt":"2021-12-15T18:20:12","guid":{"rendered":"https:\/\/puria.org\/?page_id=4903"},"modified":"2025-03-18T12:24:13","modified_gmt":"2025-03-18T11:24:13","slug":"forest-cabin-booking","status":"publish","type":"page","link":"https:\/\/puria.org\/en\/forest-cabin-booking\/","title":{"rendered":"Forest Cabin Booking"},"content":{"rendered":"<h3 style=\"text-align: center;\">&#8220;And into the forest I go to lose my mind and find my soul.&#8221; &nbsp;&#8211; John Muir<\/h3>\n<h3 style=\"text-align: center;\">Enchanting wooden hut on the edge of the forest<\/h3>\n<p style=\"text-align: center;\">At the western end of the property, which has a total area of 3400 m\u00b2, lies the wooden hut surrounded by trees.To the north the forest stretches for several kilometers, to the south you can directly see into the village.The property is located on the edge of a small village in the area of the Bavarian Forest in Eastern Germany with about 40 houses, at the end of a dead-end street.There is a small house on the property, Puria&#8217;s yurt, a greenhouse, a tool and wood shed, and the forest cabin.<\/p>\n<p><!--[endif]--><\/p>\n<p style=\"text-align: center;\"><em>&#8220;In a magical place in a small enchanting cottage in the forest, I slept well for the first time in a long time and woke up in the morning with a view of trees. Time out in paradise &#8230; yes, that&#8217;s my conclusion after my time in the most enchanting place I can imagine.&#8221;<\/em><em>&#8211; <\/em>Heidi<\/p>\n<h3 style=\"text-align: center;\">Videos<\/h3>\n<p><span><a href=\"https:\/\/www.youtube.com\/watch?v=cuKZsUIP-gE\" target=\"_blank\" rel=\"\"><img decoding=\"async\" alt=\"\" data-id=\"5650\" width=\"308\" data-init-width=\"637\" height=\"173\" data-init-height=\"357\" title=\"Thumbnail Forest cabin\" loading=\"lazy\" src=\"https:\/\/puria.org\/wp-content\/uploads\/2023\/08\/Thumbnail-Forest-cabin.jpg\" data-width=\"308\" data-height=\"173\" data-link-wrap=\"1\" style=\"aspect-ratio: auto 637 \/ 357;\"><\/a><\/span><span><a href=\"https:\/\/www.youtube.com\/watch?v=Su9zkjI1_ZU&amp;t=2s\" target=\"_blank\" rel=\"\"><img decoding=\"async\" alt=\"\" data-id=\"5643\" width=\"308\" data-init-width=\"765\" height=\"173\" data-init-height=\"428\" title=\"Thumbnail_Peace Love and Om Video\" loading=\"lazy\" src=\"https:\/\/puria.org\/wp-content\/uploads\/2023\/08\/Thumbnail_Peace-Love-and-Om-Video.jpg\" data-width=\"308\" data-height=\"173\" data-link-wrap=\"1\" style=\"aspect-ratio: auto 765 \/ 428;\"><\/a><\/span><\/p>\n<p style=\"text-align: center;\">Choose your language for subtitles<\/p>\n<p><span><img decoding=\"async\" alt=\"\" data-id=\"5903\" width=\"470\" data-init-width=\"693\" height=\"263\" data-init-height=\"388\" title=\"Forest Cabin Winter_thumbnail\" loading=\"lazy\" src=\"https:\/\/puria.org\/wp-content\/uploads\/2024\/04\/Forest-Cabin-Winter_thumbnail.jpg\" data-width=\"470\" data-height=\"263\" data-link-wrap=\"1\" style=\"aspect-ratio: auto 693 \/ 388;\"><\/span><span><a href=\"https:\/\/www.youtube.com\/watch?v=FG0aKgUQ51k\" target=\"_blank\" rel=\"\"><img decoding=\"async\" alt=\"\" data-id=\"5652\" width=\"308\" data-init-width=\"701\" height=\"173\" data-init-height=\"394\" title=\"Youtube A magical place in the woods\" loading=\"lazy\" src=\"https:\/\/puria.org\/wp-content\/uploads\/2023\/08\/Youtube-A-magical-place-in-the-woods.jpg\" data-width=\"308\" data-height=\"173\" style=\"aspect-ratio: auto 701 \/ 394;\" data-link-wrap=\"1\"><\/a><\/span><\/p>\n<h3 style=\"text-align: center;\">Facilities<\/h3>\n<p style=\"text-align: center;\">&nbsp;When our daughters do not live in this enchanting forest hut, built from natural materials, it is available for guests<strong>The cabin is<\/strong> <strong>suitable for mild electro- and radiation-sensitive people,<\/strong><strong>as there is no WIFI and you can turn of electricity individually.<\/strong>It has an octagonal floor area of 20 m\u00b2, the sleeping gallery is about 9 m\u00b2, maximum room height 4.80 m.The bed (160 x 200 m). The sleeping loft is reached by a steep, narrow staircase as in many Tiny Houses. The space beneath is designed as a wardrobe.The kitchen has a 2-burner gas stove, sink with hot water connection, refrigerator with small freezer.In a small annex at the back of the cabin, barely 4 m\u00b2 in size, you reach with a few steps through the open air, the bathroom with washbasin, shower and compost toilet.There is a LAN cable including adapter for laptop, tablet and mobilephone.Smoking, drug and excessive alcohol consumption are not welcome on the premises.<\/p>\n<p><!--[endif]--><\/p>\n<h3 style=\"text-align: center;\">You can also create your time as a guided retreat or book individual healing sessions or mentoring with Puria.<\/h3>\n<\/p>\n<p><span style=\"width: 100%;\"><img decoding=\"async\" alt=\"\" width=\"308\" height=\"205\" title=\"Waldh\u00fctte Ost mit Badanbau\" data-id=\"5157\" src=\"\/\/puria.org\/wp-content\/uploads\/2022\/06\/Waldhuette-Ost-mit-Badanbau-1.jpg\" style=\"aspect-ratio: auto 800 \/ 533;\" data-width=\"308\" data-height=\"205\" data-init-width=\"800\" data-init-height=\"533\" loading=\"lazy\"><\/span><\/p>\n<p style=\"text-align: center;\">Forest Cabin East<\/p>\n<p><span style=\"width: 100%;\"><img decoding=\"async\" alt=\"\" width=\"308\" height=\"206\" title=\"Ort-22-H\u00fctte Norden Winter\" data-id=\"4675\" src=\"\/\/puria.org\/wp-content\/uploads\/2021\/11\/Ort-22-Huette-Norden-Winter.jpg\" style=\"aspect-ratio: auto 791 \/ 528;\" data-width=\"308\" data-height=\"206\" data-init-width=\"791\" data-init-height=\"528\" loading=\"lazy\"><\/span><\/p>\n<p style=\"text-align: center;\">Forest Cabin North<\/p>\n<p><span style=\"width: 100%;\"><img decoding=\"async\" alt=\"\" width=\"308\" height=\"205\" title=\"H\u00fctte Westseite mit Badanbau\" data-id=\"5152\" src=\"\/\/puria.org\/wp-content\/uploads\/2022\/06\/Huette-Westseite-mit-Badanbau-1.jpg\" style=\"aspect-ratio: auto 800 \/ 533;\" data-width=\"308\" data-height=\"205\" data-init-width=\"800\" data-init-height=\"533\" loading=\"lazy\"><\/span><\/p>\n<p style=\"text-align: center;\">Forest Cabin East<\/p>\n<p><span style=\"width: 100%;\"><img decoding=\"async\" alt=\"\" width=\"290\" height=\"193\" title=\"Waldh\u00fctte gesamter Raum\" data-id=\"4814\" src=\"\/\/puria.org\/wp-content\/uploads\/2021\/11\/Waldhuette-gesamter-Raum.jpg\" style=\"aspect-ratio: auto 1944 \/ 1296;\" data-width=\"290\" data-height=\"193\" data-init-width=\"1944\" data-init-height=\"1296\" loading=\"lazy\"><\/span><\/p>\n<p style=\"text-align: center;\">Forest Cabin Living Space<\/p>\n<p><span style=\"width: 100%;\"><img decoding=\"async\" alt=\"\" width=\"308\" height=\"206\" title=\"H\u00fctte mit Treppe_2\" data-id=\"5012\" src=\"\/\/puria.org\/wp-content\/uploads\/2022\/03\/Huette-mit-Treppe_2-scaled-e1646144468145.jpg\" style=\"aspect-ratio: auto 2560 \/ 1707;\" data-width=\"308\" data-height=\"206\" data-init-width=\"2560\" data-init-height=\"1707\" loading=\"lazy\"><\/span><\/p>\n<p style=\"text-align: center;\">Forest Cabin Living Space<\/p>\n<p><span style=\"width: 100%;\"><img decoding=\"async\" alt=\"\" width=\"290\" height=\"193\" title=\"Ort-30-Bett\" data-id=\"4715\" src=\"\/\/puria.org\/wp-content\/uploads\/2021\/11\/Ort-30-Bett-1.jpg\" style=\"aspect-ratio: auto 1944 \/ 1295;\" data-width=\"290\" data-height=\"193\" data-init-width=\"1944\" data-init-height=\"1295\" loading=\"lazy\"><\/span><\/p>\n<p style=\"text-align: center;\">Forest Cabin Sleeping Loft<\/p>\n<p><span style=\"width: 100%;\"><img decoding=\"async\" alt=\"\" width=\"289\" height=\"434\" title=\"Feuerplatz\" data-id=\"4866\" src=\"\/\/puria.org\/wp-content\/uploads\/2021\/12\/Feuerplatz-e1639487167224.jpg\" style=\"aspect-ratio: auto 1000 \/ 1500;\" data-width=\"289\" data-height=\"434\" data-init-width=\"1000\" data-init-height=\"1500\" loading=\"lazy\" mt-t=\"-29.59299999999999\" mt-m=\"-29.577999999999975\"><\/span><\/p>\n<p style=\"text-align: center;\">Forest Cabin Woodstove<\/p>\n<p><span style=\"width: 100%;\"><img decoding=\"async\" alt=\"\" width=\"289\" height=\"514\" title=\"Essplatz\" data-id=\"4868\" src=\"\/\/puria.org\/wp-content\/uploads\/2021\/12\/Essplatz.jpg\" style=\"aspect-ratio: auto 720 \/ 1280;\" data-width=\"289\" data-height=\"514\" data-init-width=\"720\" data-init-height=\"1280\" loading=\"lazy\" mt-d=\"-3.9689999999999372\" ml-t=\"-0.046999999999997044\" mt-t=\"-7.905999999999949\" mt-m=\"-7.889999999999986\"><\/span><\/p>\n<p style=\"text-align: center;\">Forest Cabin Dining Area<\/p>\n<p><span style=\"width: 100%;\"><img decoding=\"async\" alt=\"\" width=\"303\" height=\"456\" title=\"gesamter Raum\" data-id=\"5203\" src=\"\/\/puria.org\/wp-content\/uploads\/2022\/08\/IMG_8959-rotated-e1661022338812.jpg\" style=\"aspect-ratio: auto 600 \/ 902;\" data-width=\"303\" data-height=\"456\" data-init-width=\"600\" data-init-height=\"902\" loading=\"lazy\" mt-d=\"-1.031000000000006\" ml-t=\"-0.29699999999999704\" mt-t=\"-30.17199999999997\" mt-m=\"-0.14100000000001955\" ml-m=\"-0.5620000000000118\"><\/span><\/p>\n<p style=\"text-align: center;\">Forest Cabin Entire Room<\/p>\n<p><span style=\"width: 100%;\"><img decoding=\"async\" alt=\"\" width=\"289\" height=\"433\" title=\"Badezimmer Waschtisch\" data-id=\"5108\" src=\"\/\/puria.org\/wp-content\/uploads\/2022\/06\/Badezimmer-Waschtisch-scaled.jpg\" style=\"aspect-ratio: auto 1707 \/ 2560;\" data-width=\"289\" data-height=\"433\" data-init-width=\"1707\" data-init-height=\"2560\" loading=\"lazy\" mt-t=\"-29.59299999999999\" mt-m=\"-29.577999999999975\"><\/span><\/p>\n<p style=\"text-align: center;\">Bathroom wash basin<\/p>\n<p><span style=\"width: 100%;\"><img decoding=\"async\" alt=\"\" width=\"289\" height=\"433\" title=\"Badezimmer ganzer Raum\" data-id=\"5110\" src=\"\/\/puria.org\/wp-content\/uploads\/2022\/06\/Badezimmer-ganzer-Raum-scaled.jpg\" style=\"aspect-ratio: auto 1707 \/ 2560;\" data-width=\"289\" data-height=\"433\" data-init-width=\"1707\" data-init-height=\"2560\" loading=\"lazy\" mt-d=\"-3.9689999999999372\" ml-t=\"-0.046999999999997044\" mt-t=\"-7.905999999999949\" mt-m=\"-7.889999999999986\"><\/span><\/p>\n<p style=\"text-align: center;\">Bathroom with compost toilett<\/p>\n<p><span style=\"width: 100%;\"><img decoding=\"async\" alt=\"\" width=\"289\" height=\"433\" title=\"Badezimmer Waschtisch + Dusche\" data-id=\"5112\" src=\"\/\/puria.org\/wp-content\/uploads\/2022\/06\/Badezimmer-Waschtisch-Dusche-scaled.jpg\" style=\"aspect-ratio: auto 1707 \/ 2560;\" data-width=\"289\" data-height=\"433\" data-init-width=\"1707\" data-init-height=\"2560\" loading=\"lazy\" mt-d=\"-4.343999999999994\" ml-t=\"-0.29699999999999704\" mt-t=\"-30.17199999999997\" mt-m=\"-0.14100000000001955\" ml-m=\"-0.5620000000000118\" ml-d=\"0\"><\/span><\/p>\n<p style=\"text-align: center;\">Bathroom wash basin &amp; shower<\/p>\n<p><span style=\"width: 100%;\"><img loading=\"lazy\" decoding=\"async\" alt=\"\" width=\"290\" height=\"193\" title=\"Ort-16\" data-id=\"2003\" src=\"\/\/puria.org\/wp-content\/uploads\/2018\/08\/Ort-16.jpg\" style=\"aspect-ratio: auto 1191 \/ 794;\" data-width=\"290\" data-height=\"193\" data-init-width=\"1191\" data-init-height=\"794\"><\/span><\/p>\n<p style=\"text-align: center;\">Vegetable Garden &amp; Yurt<\/p>\n<p><span style=\"width: 100%;\"><img decoding=\"async\" alt=\"\" width=\"290\" height=\"194\" title=\"Ort-Gel\u00e4nde\" data-id=\"4696\" src=\"\/\/puria.org\/wp-content\/uploads\/2021\/11\/Ort-Gelaende.jpg\" style=\"aspect-ratio: auto 930 \/ 621;\" data-width=\"290\" data-height=\"194\" data-init-width=\"930\" data-init-height=\"621\" loading=\"lazy\"><\/span><\/p>\n<p style=\"text-align: center;\">The Property<\/p>\n<p><span style=\"width: 100%;\"><img decoding=\"async\" alt=\"\" width=\"308\" height=\"206\" title=\"Ort-20-Gew\u00e4chshaus (1)\" data-id=\"4702\" src=\"\/\/puria.org\/wp-content\/uploads\/2021\/11\/Ort-20-Gewaechshaus-1.jpg\" style=\"aspect-ratio: auto 1608 \/ 1072;\" data-width=\"308\" data-height=\"206\" data-init-width=\"1608\" data-init-height=\"1072\" loading=\"lazy\"><\/span><\/p>\n<p style=\"text-align: center;\">Greenhouse<\/p>\n<p><span style=\"width: 100%;\"><img loading=\"lazy\" decoding=\"async\" alt=\"\" width=\"403\" height=\"269\" title=\"Ort-1-comp\" data-id=\"1973\" src=\"\/\/puria.org\/wp-content\/uploads\/2018\/08\/Ort-1-comp.jpg\" style=\"aspect-ratio: auto 1205 \/ 803;\" data-width=\"403\" data-height=\"269\" data-init-width=\"1205\" data-init-height=\"803\"><\/span><\/p>\n<p style=\"text-align: center;\">Outskirts of the Village<\/p>\n<p><span style=\"width: 100%;\"><img decoding=\"async\" alt=\"\" width=\"364\" height=\"205\" title=\"Shanti &amp; Puria\" data-id=\"4864\" src=\"\/\/puria.org\/wp-content\/uploads\/2021\/12\/Shanti-Puria.jpg\" style=\"aspect-ratio: auto 1191 \/ 670;\" data-width=\"364\" data-height=\"205\" data-init-width=\"1191\" data-init-height=\"670\" loading=\"lazy\" mt-d=\"0\" ml-d=\"-34.797000000000025\"><\/span><\/p>\n<p style=\"text-align: center;\">Shanti &amp; Puria<\/p>\n<p><span style=\"width: 100%;\"><img loading=\"lazy\" decoding=\"async\" alt=\"\" width=\"290\" height=\"193\" title=\"Ort-3-comp\" data-id=\"1976\" src=\"\/\/puria.org\/wp-content\/uploads\/2018\/08\/Ort-3-comp.jpg\" style=\"aspect-ratio: auto 1191 \/ 794;\" data-width=\"290\" data-height=\"193\" data-init-width=\"1191\" data-init-height=\"794\"><\/span><\/p>\n<p style=\"text-align: center;\">Surrounding Area<\/p>\n<p style=\"text-align: center;\">Renting for max. 2 people<\/p>\n<p style=\"text-align: center;\">1 night: 80 \u20ac per person2 nights 60 &#8211; 80 \u20ac per person (according to self-estimation)From 3 nights 50 &#8211; 80 \u20ac per person (according to self-estimation)1 week 300 &#8211; 500 \u20ac per person (according to self-estimation)(Special arrangement possible, for low income earners outside the holiday &#8211; please suggest a price).<\/p>\n<p style=\"text-align: center;\">Food<\/p>\n<p style=\"text-align: center;\">You have to bring your own food for your needs.(The nearest organic food store is in Cham, about 13 km away).In the small apartment kitchen there are dishes, Italian coffee pot, french press milk frother, water boiler and the following food:teas (black, green, herbs), coffee, &#8220;Grander water&#8221;, spices, vinegar, oil.<\/p>\n<p style=\"text-align: center;\">Walking &amp; Hiking<\/p>\n<p style=\"text-align: center;\">Directly from the property there are walking paths in different directions with beautiful views of the rolling hills and through different forest regions.Only 15 minutes to walk, you can enjoy the view of the eight thousands of the Bavarian Forest at the village of L\u00f6wengrub.12 minutes away by car is the Gallner, the next higher mountain with beautiful walks and a panoramic view of both the river Donau and the Bavarian Forest.20 minutes away by car is the hiking area around Bad K\u00f6tzting with a beautiful tour to the K\u00f6tztinger H\u00fctte, with wonderful views into the Zellertal and the impressive rock formations Rauchr\u00f6hren.If you drive 45 to 70 minutes you can explore various hiking routes and even skiing at the small and large Arber.There also starts the National Park &#8220;Bayerischer Wald&#8221;, which is together with the bordering &#8220;B\u00f6hmer Wald&#8221; in Czech Republic, the biggest forest area of Europe.<\/p>\n<p><span style=\"width: 100%;\"><img decoding=\"async\" alt=\"\" width=\"302\" height=\"170\" title=\"Gallner Blick n. Denkenzell\" data-id=\"4925\" src=\"\/\/puria.org\/wp-content\/uploads\/2021\/12\/Gallner-Blick-n.-Denkenzell-scaled-e1639911492868.jpg\" style=\"aspect-ratio: auto 2560 \/ 1440;\" data-width=\"302\" data-height=\"170\" data-init-width=\"2560\" data-init-height=\"1440\" loading=\"lazy\"><\/span><\/p>\n<p style=\"text-align: center;\">View from the Gallner<\/p>\n<p><span style=\"width: 100%;\"><img decoding=\"async\" alt=\"\" width=\"303\" height=\"170\" title=\"Kleiner Arbersee f. website\" data-id=\"5214\" src=\"\/\/puria.org\/wp-content\/uploads\/2022\/08\/Kleiner-Arbersee-f.-website-1.jpg\" style=\"aspect-ratio: auto 845 \/ 475;\" data-width=\"303\" data-height=\"170\" data-init-width=\"845\" data-init-height=\"475\" loading=\"lazy\" mt-d=\"-0.9370000000000118\" ml-d=\"-0.125\" mt-t=\"-0.9375\" mt-m=\"-0.9370000000000118\"><\/span><\/p>\n<p style=\"text-align: center;\">Kleiner Arbersee<\/p>\n<p><span style=\"width: 100%;\"><img decoding=\"async\" alt=\"\" width=\"308\" height=\"173\" title=\"am Gro\u00dfen Arber\" data-id=\"4927\" src=\"\/\/puria.org\/wp-content\/uploads\/2021\/12\/am-Grossen-Arber-scaled-e1639911675603.jpg\" style=\"aspect-ratio: auto 2560 \/ 1440;\" data-width=\"308\" data-height=\"173\" data-init-width=\"2560\" data-init-height=\"1440\" loading=\"lazy\"><\/span><\/p>\n<p style=\"text-align: center;\">Gro\u00dfer Arber<\/p>\n<p style=\"text-align: center;\">Location<\/p>\n<p style=\"text-align: center;\">The nearest larger town is Cham, 11 km away, with stores, Saturday market, restaurants, cinema, train station etc.11 km to Cham34 km to Straubing53 km to Deggendorf60 km to Regensburg105 km to Passau150 km to Nuremberg170 km to Munich200 km to Prague Czech Republic<\/p>\n","protected":false},"excerpt":{"rendered":"<p>&#8220;And into the forest I go to lose my mind and find my soul.&#8221; &nbsp;&#8211; John Muir Enchanting wooden hut on the edge of the forest At the western end of the property, which has a total area of 3400 m\u00b2, lies the wooden hut surrounded by trees.To the north the forest stretches for several [&hellip;]<\/p>\n","protected":false},"author":1,"featured_media":0,"parent":0,"menu_order":0,"comment_status":"closed","ping_status":"closed","template":"fullwidth-page.php","meta":{"_acf_changed":false,"footnotes":"","_wp_rev_ctl_limit":""},"class_list":["post-4903","page","type-page","status-publish","hentry"],"acf":[],"yoast_head":"<!-- This site is optimized with the Yoast SEO plugin v27.4 - https:\/\/yoast.com\/product\/yoast-seo-wordpress\/ -->\n<title>Forest Cabin Booking - Puria<\/title>\n<meta name=\"robots\" content=\"index, follow, max-snippet:-1, max-image-preview:large, max-video-preview:-1\" \/>\n<link rel=\"canonical\" href=\"https:\/\/puria.org\/en\/forest-cabin-booking\/\" \/>\n<meta property=\"og:locale\" content=\"en_US\" \/>\n<meta property=\"og:type\" content=\"article\" \/>\n<meta property=\"og:title\" content=\"Forest Cabin Booking - Puria\" \/>\n<meta property=\"og:description\" content=\"&#8220;And into the forest I go to lose my mind and find my soul.&#8221; &nbsp;&#8211; John Muir Enchanting wooden hut on the edge of the forest At the western end of the property, which has a total area of 3400 m\u00b2, lies the wooden hut surrounded by trees.To the north the forest stretches for several [&hellip;]\" \/>\n<meta property=\"og:url\" content=\"https:\/\/puria.org\/en\/forest-cabin-booking\/\" \/>\n<meta property=\"og:site_name\" content=\"Puria\" \/>\n<meta property=\"article:modified_time\" content=\"2025-03-18T11:24:13+00:00\" \/>\n<meta property=\"og:image\" content=\"https:\/\/puria.org\/wp-content\/uploads\/2023\/08\/Thumbnail-Forest-cabin.jpg\" \/>\n<meta name=\"twitter:card\" content=\"summary_large_image\" \/>\n<meta name=\"twitter:label1\" content=\"Est. reading time\" \/>\n\t<meta name=\"twitter:data1\" content=\"6 minutes\" \/>\n<script type=\"application\/ld+json\" class=\"yoast-schema-graph\">{\"@context\":\"https:\\\/\\\/schema.org\",\"@graph\":[{\"@type\":\"WebPage\",\"@id\":\"https:\\\/\\\/puria.org\\\/en\\\/forest-cabin-booking\\\/\",\"url\":\"https:\\\/\\\/puria.org\\\/en\\\/forest-cabin-booking\\\/\",\"name\":\"Forest Cabin Booking - Puria\",\"isPartOf\":{\"@id\":\"https:\\\/\\\/puria.org\\\/#website\"},\"primaryImageOfPage\":{\"@id\":\"https:\\\/\\\/puria.org\\\/en\\\/forest-cabin-booking\\\/#primaryimage\"},\"image\":{\"@id\":\"https:\\\/\\\/puria.org\\\/en\\\/forest-cabin-booking\\\/#primaryimage\"},\"thumbnailUrl\":\"https:\\\/\\\/puria.org\\\/wp-content\\\/uploads\\\/2023\\\/08\\\/Thumbnail-Forest-cabin.jpg\",\"datePublished\":\"2021-12-15T18:20:12+00:00\",\"dateModified\":\"2025-03-18T11:24:13+00:00\",\"breadcrumb\":{\"@id\":\"https:\\\/\\\/puria.org\\\/en\\\/forest-cabin-booking\\\/#breadcrumb\"},\"inLanguage\":\"en-US\",\"potentialAction\":[{\"@type\":\"ReadAction\",\"target\":[\"https:\\\/\\\/puria.org\\\/en\\\/forest-cabin-booking\\\/\"]}]},{\"@type\":\"ImageObject\",\"inLanguage\":\"en-US\",\"@id\":\"https:\\\/\\\/puria.org\\\/en\\\/forest-cabin-booking\\\/#primaryimage\",\"url\":\"https:\\\/\\\/puria.org\\\/wp-content\\\/uploads\\\/2023\\\/08\\\/Thumbnail-Forest-cabin.jpg\",\"contentUrl\":\"https:\\\/\\\/puria.org\\\/wp-content\\\/uploads\\\/2023\\\/08\\\/Thumbnail-Forest-cabin.jpg\"},{\"@type\":\"BreadcrumbList\",\"@id\":\"https:\\\/\\\/puria.org\\\/en\\\/forest-cabin-booking\\\/#breadcrumb\",\"itemListElement\":[{\"@type\":\"ListItem\",\"position\":1,\"name\":\"Startseite\",\"item\":\"https:\\\/\\\/puria.org\\\/en\\\/\"},{\"@type\":\"ListItem\",\"position\":2,\"name\":\"Forest Cabin Booking\"}]},{\"@type\":\"WebSite\",\"@id\":\"https:\\\/\\\/puria.org\\\/#website\",\"url\":\"https:\\\/\\\/puria.org\\\/\",\"name\":\"Puria\",\"description\":\"Erwachen, Potenzialentfaltung deiner Selbsterm\u00e4chtigung und deinem Heilsein\",\"potentialAction\":[{\"@type\":\"SearchAction\",\"target\":{\"@type\":\"EntryPoint\",\"urlTemplate\":\"https:\\\/\\\/puria.org\\\/?s={search_term_string}\"},\"query-input\":{\"@type\":\"PropertyValueSpecification\",\"valueRequired\":true,\"valueName\":\"search_term_string\"}}],\"inLanguage\":\"en-US\"}]}<\/script>\n<!-- \/ Yoast SEO plugin. -->","yoast_head_json":{"title":"Forest Cabin Booking - Puria","robots":{"index":"index","follow":"follow","max-snippet":"max-snippet:-1","max-image-preview":"max-image-preview:large","max-video-preview":"max-video-preview:-1"},"canonical":"https:\/\/puria.org\/en\/forest-cabin-booking\/","og_locale":"en_US","og_type":"article","og_title":"Forest Cabin Booking - Puria","og_description":"&#8220;And into the forest I go to lose my mind and find my soul.&#8221; &nbsp;&#8211; John Muir Enchanting wooden hut on the edge of the forest At the western end of the property, which has a total area of 3400 m\u00b2, lies the wooden hut surrounded by trees.To the north the forest stretches for several [&hellip;]","og_url":"https:\/\/puria.org\/en\/forest-cabin-booking\/","og_site_name":"Puria","article_modified_time":"2025-03-18T11:24:13+00:00","og_image":[{"url":"https:\/\/puria.org\/wp-content\/uploads\/2023\/08\/Thumbnail-Forest-cabin.jpg","type":"","width":"","height":""}],"twitter_card":"summary_large_image","twitter_misc":{"Est. reading time":"6 minutes"},"schema":{"@context":"https:\/\/schema.org","@graph":[{"@type":"WebPage","@id":"https:\/\/puria.org\/en\/forest-cabin-booking\/","url":"https:\/\/puria.org\/en\/forest-cabin-booking\/","name":"Forest Cabin Booking - Puria","isPartOf":{"@id":"https:\/\/puria.org\/#website"},"primaryImageOfPage":{"@id":"https:\/\/puria.org\/en\/forest-cabin-booking\/#primaryimage"},"image":{"@id":"https:\/\/puria.org\/en\/forest-cabin-booking\/#primaryimage"},"thumbnailUrl":"https:\/\/puria.org\/wp-content\/uploads\/2023\/08\/Thumbnail-Forest-cabin.jpg","datePublished":"2021-12-15T18:20:12+00:00","dateModified":"2025-03-18T11:24:13+00:00","breadcrumb":{"@id":"https:\/\/puria.org\/en\/forest-cabin-booking\/#breadcrumb"},"inLanguage":"en-US","potentialAction":[{"@type":"ReadAction","target":["https:\/\/puria.org\/en\/forest-cabin-booking\/"]}]},{"@type":"ImageObject","inLanguage":"en-US","@id":"https:\/\/puria.org\/en\/forest-cabin-booking\/#primaryimage","url":"https:\/\/puria.org\/wp-content\/uploads\/2023\/08\/Thumbnail-Forest-cabin.jpg","contentUrl":"https:\/\/puria.org\/wp-content\/uploads\/2023\/08\/Thumbnail-Forest-cabin.jpg"},{"@type":"BreadcrumbList","@id":"https:\/\/puria.org\/en\/forest-cabin-booking\/#breadcrumb","itemListElement":[{"@type":"ListItem","position":1,"name":"Startseite","item":"https:\/\/puria.org\/en\/"},{"@type":"ListItem","position":2,"name":"Forest Cabin Booking"}]},{"@type":"WebSite","@id":"https:\/\/puria.org\/#website","url":"https:\/\/puria.org\/","name":"Puria","description":"Erwachen, Potenzialentfaltung deiner Selbsterm\u00e4chtigung und deinem Heilsein","potentialAction":[{"@type":"SearchAction","target":{"@type":"EntryPoint","urlTemplate":"https:\/\/puria.org\/?s={search_term_string}"},"query-input":{"@type":"PropertyValueSpecification","valueRequired":true,"valueName":"search_term_string"}}],"inLanguage":"en-US"}]}},"_links":{"self":[{"href":"https:\/\/puria.org\/en\/wp-json\/wp\/v2\/pages\/4903","targetHints":{"allow":["GET"]}}],"collection":[{"href":"https:\/\/puria.org\/en\/wp-json\/wp\/v2\/pages"}],"about":[{"href":"https:\/\/puria.org\/en\/wp-json\/wp\/v2\/types\/page"}],"author":[{"embeddable":true,"href":"https:\/\/puria.org\/en\/wp-json\/wp\/v2\/users\/1"}],"replies":[{"embeddable":true,"href":"https:\/\/puria.org\/en\/wp-json\/wp\/v2\/comments?post=4903"}],"version-history":[{"count":3,"href":"https:\/\/puria.org\/en\/wp-json\/wp\/v2\/pages\/4903\/revisions"}],"predecessor-version":[{"id":6046,"href":"https:\/\/puria.org\/en\/wp-json\/wp\/v2\/pages\/4903\/revisions\/6046"}],"wp:attachment":[{"href":"https:\/\/puria.org\/en\/wp-json\/wp\/v2\/media?parent=4903"}],"curies":[{"name":"wp","href":"https:\/\/api.w.org\/{rel}","templated":true}]}}